{"id":204,"date":"2023-06-09T13:54:07","date_gmt":"2023-06-09T11:54:07","guid":{"rendered":"https:\/\/terravita.eu\/?page_id=204"},"modified":"2023-09-11T16:56:53","modified_gmt":"2023-09-11T14:56:53","slug":"imprint","status":"publish","type":"page","link":"https:\/\/terravita.eu\/es\/imprint\/","title":{"rendered":"Aviso legal"},"content":{"rendered":"<p>Terravita Thinks Globally S.L.<br \/>\nCtra. Ibiza \u2013 santa Eulalia km 2,3<br \/>\n07840 Santa Eulalia del Rio (Baleares)<br \/>\nSPAIN<\/p>\n<p>Mail: info@terravita.eu<br \/>\nTel\u00e9fono: +34 971 33 82 02<\/p>\n<h3>Representado por:<\/h3>\n<p>Jason Watson Todd<\/p>\n<h3>N\u00famero de identificaci\u00f3n del IVA:<\/h3>\n<p>N\u00famero de identificaci\u00f3n del IVA: (CIF) B57452328<br \/>\nEuropean Sales tax identification number: ESB57452328<\/p>\n<h3>Resoluci\u00f3n de conflictos:<\/h3>\n<p>La Comisi\u00f3n Europea proporciona una plataforma para la resoluci\u00f3n de disputas (OS) en l\u00ednea: https:\/\/ec.europa.eu\/consumers\/odr. Por favor encuentre nuestro correo electr\u00f3nico en este aviso legal.<\/p>\n<p>No tomamos parte en las resoluciones de disputas en l\u00ednea en las juntas de arbitraje de consumidores.<\/p>","protected":false},"excerpt":{"rendered":"<p>Terravita Thinks Globally S.L. Ctra. Ibiza \u2013 santa Eulalia km 2,3 07840 Santa Eulalia del Rio (Baleares) SPAIN Mail: info@terravita.eu &hellip;<\/p>\n","protected":false},"author":1,"featured_media":0,"parent":0,"menu_order":0,"comment_status":"closed","ping_status":"closed","template":"","meta":{"_acf_changed":false,"footnotes":""},"class_list":["post-204","page","type-page","status-publish","hentry"],"acf":[],"_links":{"self":[{"href":"https:\/\/terravita.eu\/es\/wp-json\/wp\/v2\/pages\/204","targetHints":{"allow":["GET"]}}],"collection":[{"href":"https:\/\/terravita.eu\/es\/wp-json\/wp\/v2\/pages"}],"about":[{"href":"https:\/\/terravita.eu\/es\/wp-json\/wp\/v2\/types\/page"}],"author":[{"embeddable":true,"href":"https:\/\/terravita.eu\/es\/wp-json\/wp\/v2\/users\/1"}],"replies":[{"embeddable":true,"href":"https:\/\/terravita.eu\/es\/wp-json\/wp\/v2\/comments?post=204"}],"version-history":[{"count":5,"href":"https:\/\/terravita.eu\/es\/wp-json\/wp\/v2\/pages\/204\/revisions"}],"predecessor-version":[{"id":939,"href":"https:\/\/terravita.eu\/es\/wp-json\/wp\/v2\/pages\/204\/revisions\/939"}],"wp:attachment":[{"href":"https:\/\/terravita.eu\/es\/wp-json\/wp\/v2\/media?parent=204"}],"curies":[{"name":"wp","href":"https:\/\/api.w.org\/{rel}","templated":true}]}}