{"id":206,"date":"2023-06-09T13:54:16","date_gmt":"2023-06-09T11:54:16","guid":{"rendered":"https:\/\/terravita.eu\/?page_id=206"},"modified":"2023-12-14T18:24:47","modified_gmt":"2023-12-14T17:24:47","slug":"disclaimer","status":"publish","type":"page","link":"https:\/\/terravita.eu\/es\/disclaimer\/","title":{"rendered":"Responsabilidad"},"content":{"rendered":"<p><\/p>\n<h3>Responsabilidad por los contenidos<\/h3>\n<p>Como proveedores de servicios, somos responsables de los contenidos propios de estos sitios web. Sin embargo, los proveedores de servicios no est\u00e1n obligados a controlar permanentemente la informaci\u00f3n enviada o almacenada ni a buscar pruebas que indiquen actividades ilegales.<\/p>\n<p>Las obligaciones legales de eliminar la informaci\u00f3n o bloquear su uso son indiscutibles. En este caso, la responsabilidad s\u00f3lo es posible en el momento en que se tiene conocimiento de una violaci\u00f3n espec\u00edfica de la ley. Los contenidos ilegales se eliminar\u00e1n inmediatamente en el momento en que tengamos conocimiento de ellos.<\/p>\n<h3>Responsabilidad por los enlaces<\/h3>\n<p>Nuestra oferta incluye enlaces a sitios web externos de terceros. No tenemos ninguna influencia sobre los contenidos de esas p\u00e1ginas web, por lo que no podemos garantizar dichos contenidos. Los proveedores o administradores de las p\u00e1ginas web enlazadas son siempre responsables de sus propios contenidos.<\/p>\n<p>Las p\u00e1ginas web enlazadas han sido revisadas para detectar posibles violaciones de la ley en el momento de establecer el enlace. No se detectaron contenidos ilegales en el momento de establecer el enlace. No se puede imponer un control permanente de los contenidos de las p\u00e1ginas web enlazadas sin que existan indicios razonables de que se ha producido una violaci\u00f3n de la ley. Los enlaces ilegales se eliminar\u00e1n inmediatamente en el momento en que tengamos conocimiento de ellos.<\/p>\n<h3>Derechos de autor<\/h3>\n<p>Los contenidos y compilaciones publicados en estos sitios web por los proveedores est\u00e1n sujetos a la legislaci\u00f3n espa\u00f1ola sobre derechos de autor. La reproducci\u00f3n, edici\u00f3n y distribuci\u00f3n, as\u00ed como el uso de cualquier tipo fuera del \u00e1mbito de la ley de derechos de autor, requieren un permiso por escrito del autor o creador. Las descargas y copias de estas p\u00e1ginas web est\u00e1n permitidas \u00fanicamente para uso privado.<br \/>\nEst\u00e1 prohibido el uso comercial de nuestros contenidos sin el permiso del autor.<\/p>\n<p>Se respetan las leyes de derechos de autor de terceros siempre que los contenidos de estos sitios web no procedan del proveedor. Las contribuciones de terceros en este sitio se indican como tales. Sin embargo, si observa alguna violaci\u00f3n de la ley de derechos de autor, le rogamos que nos informe. Dichos contenidos ser\u00e1n eliminados inmediatamente.<\/p>","protected":false},"excerpt":{"rendered":"<p>Responsabilidad por los contenidos Como proveedores de servicios, somos responsables de los contenidos propios de estos sitios web. Sin embargo, &hellip;<\/p>\n","protected":false},"author":1,"featured_media":0,"parent":0,"menu_order":0,"comment_status":"closed","ping_status":"closed","template":"","meta":{"_acf_changed":false,"footnotes":""},"class_list":["post-206","page","type-page","status-publish","hentry"],"acf":[],"_links":{"self":[{"href":"https:\/\/terravita.eu\/es\/wp-json\/wp\/v2\/pages\/206","targetHints":{"allow":["GET"]}}],"collection":[{"href":"https:\/\/terravita.eu\/es\/wp-json\/wp\/v2\/pages"}],"about":[{"href":"https:\/\/terravita.eu\/es\/wp-json\/wp\/v2\/types\/page"}],"author":[{"embeddable":true,"href":"https:\/\/terravita.eu\/es\/wp-json\/wp\/v2\/users\/1"}],"replies":[{"embeddable":true,"href":"https:\/\/terravita.eu\/es\/wp-json\/wp\/v2\/comments?post=206"}],"version-history":[{"count":3,"href":"https:\/\/terravita.eu\/es\/wp-json\/wp\/v2\/pages\/206\/revisions"}],"predecessor-version":[{"id":2512,"href":"https:\/\/terravita.eu\/es\/wp-json\/wp\/v2\/pages\/206\/revisions\/2512"}],"wp:attachment":[{"href":"https:\/\/terravita.eu\/es\/wp-json\/wp\/v2\/media?parent=206"}],"curies":[{"name":"wp","href":"https:\/\/api.w.org\/{rel}","templated":true}]}}