{"id":3,"date":"2023-06-06T15:34:35","date_gmt":"2023-06-06T15:34:35","guid":{"rendered":"https:\/\/terravita.eu\/?page_id=3"},"modified":"2023-09-11T16:48:29","modified_gmt":"2023-09-11T14:48:29","slug":"privacy-policy","status":"publish","type":"page","link":"https:\/\/terravita.eu\/es\/privacy-policy\/","title":{"rendered":"Pol\u00edtica de Privacidad"},"content":{"rendered":"<ol>\n<li>GRUPO TERRAVITA Y EL USUARIO<\/li>\n<li>LEGITIMACI\u00d3N PARA EL USO DE TUS DATOS<\/li>\n<li>FINALIDAD CON LAS QUE SE VAN A TRATAR LOS DATOS<\/li>\n<li>A QU\u00c9 DESTINATARIOS SE COMUNICAR\u00c1N TUS DATOS<\/li>\n<li>DERECHOS DEL USUARIO<\/li>\n<li>SEGURIDAD DE TUS DATOS<\/li>\n<li>COMUNICACIONES COMERCIALES<\/li>\n<li>POL\u00cdTICA DE COOKIES<\/li>\n<li>MODIFICACIONES<\/li>\n<li>CONTACTO<\/li>\n<\/ol>\n<p>Al acceder a la p\u00e1gina web\u00a0<a href=\"http:\/\/www.grupoterravita.com\/\" target=\"_blank\" rel=\"noopener noreferrer nofollow\">www.terravita.eu<\/a>\u00a0pasas a ser un usuario de dicha\u00a0web. Como usuario de la p\u00e1gina web\u00a0<a href=\"http:\/\/www.grupoterravita.com\/\" target=\"_blank\" rel=\"noopener noreferrer nofollow\">www.terravita.eu<\/a>\u00a0por favor lee atentamente esta Pol\u00edtica de privacidad y cookies que TERRAVITA THINKS GLOBALLY pone a tu disposici\u00f3n. Aqu\u00ed podr\u00e1s acceder a toda la informaci\u00f3n relativa al tratamiento que\u00a0realizamos de tus datos de car\u00e1cter personal, las cookies que empleamos, tus\u00a0derechos y obligaciones, as\u00ed como el procedimiento para comunicarnos cualquier\u00a0incidencia y ejercer tus derechos.<\/p>\n<p>&nbsp;<\/p>\n<p><strong>1. GRUPO TERRAVITA Y EL USUARIO<\/strong><\/p>\n<p>La presente Pol\u00edtica de privacidad y cookies regulan el uso de la web\u00a0<a href=\"http:\/\/www.grupoterravita.com\/\" target=\"_blank\" rel=\"noopener noreferrer nofollow\">www.terravita.eu<\/a>\u00a0(en adelante, la \u201cWeb\u201d). La presente\u00a0Pol\u00edtica de privacidad y cookies en concreto regula el uso y tratamiento que se dan a\u00a0tus datos de car\u00e1cter personal como usuario de la Web as\u00ed como el empleo de\u00a0cookies por parte de TERRAVITA THINKS GLOBALLY en la web www.grupoterravita.com.<\/p>\n<p>Al acceder a la p\u00e1gina web www.grupoterravita.com pasas a tener la condici\u00f3n de\u00a0usuario de dicha web (en adelante, el \u201cUsuario\u201d). En la Web podr\u00e1s encontrar a tu disposici\u00f3n la presente Pol\u00edtica de privacidad y\u00a0cookies en espa\u00f1ol para que puedas consultarlas, archivarlas o imprimirlas en\u00a0cualquier momento y siempre que quieras. Es posible que la presente Pol\u00edtica de\u00a0privacidad y cookies var\u00ede con el tiempo como consecuencia de cambios en la Web,\u00a0novedades legislativas o jurisprudenciales o el establecimiento de nuevos criterios de\u00a0la Agencia Espa\u00f1ola de Protecci\u00f3n de Datos. Por ello, GRUPO TERRAVITA se reserva el\u00a0derecho a modificar la presente Pol\u00edtica de privacidad y cookies y recomienda al\u00a0Usuario que lea detenidamente la Pol\u00edtica de privacidad y cookies vigente en el\u00a0momento en que acceda al Sitio Web.<\/p>\n<p>La web www.grupoterravita.com (en adelante, la \u201cWeb\u201d) es titularidad de GRUPO TERRAVITA, con domicilio en Ctra. Ibiza \u2013 santa Eulalia km 2,3 \u2013 07840 Santa Eulalia del Rio (Baleares), y formado por las siguientes empresas:<\/p>\n<p>Terravita Thinks Globally S.L., con CIF B57452328<\/p>\n<p>(en adelante, \u201cTERRAVITA\u201d)<\/p>\n<p>TERRAVITA pone la web www.grupoterravita.com a disposici\u00f3n de los usuarios de\u00a0Internet con el fin de que estos puedan conocer los productos y servicios que ofrece como empresa de paisajismo, construcci\u00f3n y mantenimiento de jardines, energ\u00edas renovables, etc,, as\u00ed como para ponerse en contacto con\u00a0alguna de las empresas del TERRAVITA.<\/p>\n<p><strong>2. LEGITIMACI\u00d3N PARA EL USO DE TUS DATOS<\/strong><\/p>\n<p>La base legal para el tratamiento de tus datos es la ejecuci\u00f3n del contrato suscrito mediante la aceptaci\u00f3n de los t\u00e9rminos y condiciones de uso, y a trav\u00e9s de la aceptaci\u00f3n de \u00e9stos te conviertes en Usuario de la web. Te informamos que estas finalidades son necesarias para la ejecuci\u00f3n del contrato.<\/p>\n<p>Por la mera visita a la Web el Usuario no queda obligado a facilitar informaci\u00f3n\u00a0personal ni est\u00e1 obligado a registrarse. Sin embargo, existe la posibilidad de que el Usuario proporcione sus datos de contacto, mediante formulario electr\u00f3nico o email. Los datos de\u00a0car\u00e1cter personal que facilite el Usuario de forma voluntaria ser\u00e1n incorporados a un\u00a0fichero del que es titular TERRAVITA y se utilizar\u00e1n exclusivamente para las\u00a0finalidades contempladas en la presente Pol\u00edtica de Privacidad.<\/p>\n<p>Aquellos campos cuya cumplimentaci\u00f3n resulte obligatoria estar\u00e1n debidamente\u00a0marcados con un asterisco para que el Usuario pueda identificarlos claramente. Asimismo, aquellos datos cuya cumplimentaci\u00f3n se haya detectado como defectuosa,\u00a0incorrecta o incompleta por la Web ser\u00e1n debidamente marcados para que el Usuario\u00a0pueda introducirlos correctamente.<\/p>\n<p>El usuario es el \u00fanico responsable de facilitar sus datos correctamente en el\u00a0formulario de contacto establecido en la p\u00e1gina Web. Por ello TERRAVITA recuerda al Usuario que deber\u00e1 prestar especial atenci\u00f3n en\u00a0cuanto a la introducci\u00f3n de los datos de car\u00e1cter personal.<\/p>\n<p><strong>3. FINALIDAD CON LA QUE SE VAN A TRATAR SUS DATOS<\/strong><\/p>\n<p>De conformidad con lo dispuesto en la normativa vigente en materia de protecci\u00f3n de\u00a0datos de car\u00e1cter personal te informamos que los datos personales y\/o informaci\u00f3n\u00a0que nos facilites a trav\u00e9s de la cumplimentaci\u00f3n del formulario online disponible en la\u00a0capa de contacto de la web ser\u00e1n incorporados en un fichero de datos de car\u00e1cter\u00a0personal titularidad de TERRAVITA. Los datos de car\u00e1cter personal que facilite el\u00a0Usuario de forma voluntaria ser\u00e1n incorporados a un fichero del que es titular TERRAVITA y se utilizar\u00e1n exclusivamente para las finalidades contempladas en la presente Pol\u00edtica de Privacidad.<\/p>\n<p>Todos los datos proporcionados por el Usuario mediante correo electr\u00f3nico o\u00a0formularios electr\u00f3nicos ser\u00e1n tratados por TERRAVITA seg\u00fan la normativa vigente\u00a0sobre protecci\u00f3n de datos personales, y en todo caso tendr\u00e1n el car\u00e1cter de\u00a0confidencial para el personal de TERRAVITA que gestione dicha informaci\u00f3n.<\/p>\n<p>TERRAVITA no compartir\u00e1 ning\u00fan dato de car\u00e1cter personal sin el\u00a0consentimiento previo del afectado, salvo para aquellas comunicaciones necesarias\u00a0que deban llevarse a cabo para el cumplimiento del servicio, limit\u00e1ndose esta\u00a0comunicaci\u00f3n para la finalidad que la justifica.<\/p>\n<p>La informaci\u00f3n de las bases de datos podr\u00e1 ser usada para la identificaci\u00f3n de los\u00a0usuarios y para la realizaci\u00f3n de estudios estad\u00edsticos de los usuarios registrados a\u00a0nivel interno.<\/p>\n<p>En todo caso le informamos que los datos de contacto se incorporar\u00e1n\u00a0y ser\u00e1n tratados en un fichero con la \u00fanica finalidad de atender las solicitudes, sugerencias y\/o consultas que nos lleguen de los Usuarios.<\/p>\n<p>Como Usuario, siempre que nos proporciones datos de car\u00e1cter personal est\u00e1s\u00a0obligado a que dichos datos sean verdaderos, exactos, completos y actualizados. Al\u00a0proporcionarnos tus datos personales y\/o informaci\u00f3n nos garantizas que los datos\u00a0que nos proporcionas responden a tu verdadera identidad y que \u00e9sta es actual, veraz\u00a0y completa en el momento en que nos la proporcionas. Ser\u00e1 responsabilidad del\u00a0Usuario cualquier da\u00f1o o perjuicio directo o indirecto que se derive para TERRAVITA o\u00a0terceros del incumplimiento por parte del Usuario de la obligaci\u00f3n de proporcionar\u00a0informaci\u00f3n veraz, exacta, completa y actualizada.<\/p>\n<p>TERRAVITA no revelar\u00e1 la informaci\u00f3n personal que proporcione el\u00a0Usuario en la Web a terceros, salvo cuando la revelaci\u00f3n sea exigida por la legislaci\u00f3n\u00a0vigente, por orden judicial, o por una autoridad competente, as\u00ed como cuando deba\u00a0comunicar los datos indispensables por raz\u00f3n l\u00f3gica de la prestaci\u00f3n del servicio o\u00a0bien se pida de forma expresa dando el usuario su consentimiento.<\/p>\n<p>Los datos de car\u00e1cter personal ser\u00e1n conservados durante el tiempo que pueda exigirse alg\u00fan tipo de responsabilidad u obligaci\u00f3n legal.<\/p>\n<p><strong>4. DERECHOS DEL USUARIO<\/strong><\/p>\n<p>El Usuario tiene derecho a:<\/p>\n<ol>\n<li>\u00a0El derecho de acceso a sus datos de car\u00e1cter personal, permiti\u00e9ndole conocer qu\u00e9 datos est\u00e1n siendo tratados por TERRAVITA, la finalidad del tratamiento, el origen de \u00e9stos y si se han comunicado.<\/li>\n<li>El derecho a rectificar tus datos de car\u00e1cter personal que resulten inexactos o incompletos.<\/li>\n<li>En determinadas circunstancias, podr\u00e1 solicitar la limitaci\u00f3n del tratamiento de sus datos, en cuyo caso \u00fanicamente los conservaremos para el ejercicio o la defensa de reclamaciones.<\/li>\n<li>En determinadas circunstancias, podr\u00e1s solicitar la supresi\u00f3n de tus datos de car\u00e1cter personal. Por ejemplo, cuando haya desaparecido la finalidad que motiv\u00f3 el tratamiento o recogida de sus datos.<\/li>\n<\/ol>\n<p>Todos los derechos anteriormente mencionados podr\u00e1 ejercitarlos enviando un correo electr\u00f3nico a info@grupoterravita.com; o bien por correo postal dirigido a la\u00a0direcci\u00f3n Ctra. Ibiza \u2013 Santa Eulalia km 2,3 07840 Santa Eulalia del R\u00edo (Baleares) adjuntando en ambos casos una copia del documento nacional de\u00a0identidad o pasaporte e indicando \u201cRef. Protecci\u00f3n de datos\u201d como referencia en el\u00a0sobre (en caso de optar por el correo postal) o en el asunto (en caso de optar por el\u00a0email).<\/p>\n<p><strong>5. SEGURIDAD DE LOS DATOS DEL USUARIO<\/strong><\/p>\n<p>Todos nuestros proveedores de servicios de internet cumplen con los est\u00e1ndares de\u00a0seguridad requeridos. Un servidor seguro le garantiza la privacidad de los datos que\u00a0usted transmite por Internet. No obstante, aunque TERRAVITA se esfuerza y pone todos los\u00a0medios a su disposici\u00f3n para garantizar la seguridad de los datos del Usuario, no puede garantizar\u00a0de manera absoluta la seguridad t\u00e9cnica ya que un medio Internet no es inexpugnable\u00a0y pueden existir actuaciones dolosas de terceros fuera del alcance de TERRAVITA.<\/p>\n<p><strong>6. COMUNICACIONES COMERCIALES<\/strong><\/p>\n<p>GRUPO TERRAVITA no utiliza t\u00e9cnicas de spamming y \u00fanicamente tratar\u00e1 los datos\u00a0que el Usuario transmita mediante correo electr\u00f3nico para remitirle comunicaciones\u00a0comerciales cuando haya obtenido previamente su consentimiento en este sentido,\u00a0todo ello de conformidad con lo dispuesto en la normativa vigente en materia de\u00a0servicios de la sociedad de la informaci\u00f3n y comercio electr\u00f3nico.<\/p>\n<p>Con este fin TERRAVITA, en el mismo momento de la recogida de datos, pide el\u00a0consentimiento del Usuario para recibir informaci\u00f3n, publicidad, comunicaciones\u00a0comerciales v\u00eda electr\u00f3nica acerca de servicios relacionados con la\u00a0actividad de TERRAVITA, sus iniciativas, etc.<\/p>\n<p>En el mismo momento de la\u00a0recogida de datos, el Usuario podr\u00e1 manifestar su deseo de recibir comunicaciones\u00a0comerciales o de oponerse. Asimismo, tambi\u00e9n podr\u00e1 excluirse de este servicio\u00a0siguiendo las instrucciones que se indican en el pie del cuerpo de cada una de las\u00a0comunicaciones electr\u00f3nicas.<\/p>\n<p>TERRAVITA informa al Usuario de que sus datos se ceder\u00e1n a MAIL RELAY (CPC Servicios Inform\u00e1ticos Aplicados a Nuevas Tecnolog\u00edas S.L.) como plataforma procesadora de env\u00edo de comunicaciones comerciales. Dicha plataforma act\u00faa como encargado del tratamiento de sus datos, pues solo acceder\u00e1 a los datos de car\u00e1cter personal para poder prestar el servicio.\u00a0 Asimismo, ofrece las garant\u00edas suficientes respecto a las medidas que deben ser implantadas de acuerdo con lo establecido en el Reglamento General de Protecci\u00f3n de Datos 2016\/679. En todo caso tus datos de car\u00e1cter personal se ceder\u00e1n con el \u00fanico fin de prestar el servicio contratado.<\/p>\n<p>El tratamiento de los datos de car\u00e1cter personal, as\u00ed como el env\u00edo de\u00a0comunicaciones comerciales realizadas por medios electr\u00f3nicos, son conforme a la\u00a0normativa vigente en materia de protecci\u00f3n de datos de car\u00e1cter personal y de\u00a0servicios de la sociedad de la informaci\u00f3n y de comercio electr\u00f3nico.<\/p>\n<p><strong>7. POL\u00cdTICA DE COOKIES<\/strong><\/p>\n<p>\u00bfQu\u00e9 es una cookie? Una cookie es un peque\u00f1o fichero de datos que se aloja en el ordenador de los\u00a0usuarios de la web www.grupoterravita.com y que contienen cierta informaci\u00f3n de la\u00a0visita que como usuario haces a la Web. La cookie es descargada por el dispositivo\u00a0que usas para acceder a la Web y almacenada en el disco duro de dicho dispositivo.<\/p>\n<p>Las cookies pueden tener varias utilidades, por ejemplo, permitir que el sitio web\u00a0reconozca tu dispositivo cuando vuelvas a visitarnos, facilitar tu navegaci\u00f3n, evaluar\u00a0qu\u00e9 capas del sitio web son \u00fatiles y cu\u00e1les no, asegurar que recibes el contenido\u00a0correcto y guardar informaci\u00f3n con preferencias o servicios que nos hayas\u00a0proporcionado. En ning\u00fan caso las cookies da\u00f1an tu dispositivo.<\/p>\n<p>Si lo deseas, puedes desactivar y\/o eliminar las cookies empleadas por TERRAVITA en la Web siguiendo las instrucciones de tu navegador de internet aunque te\u00a0informamos que en ese caso puede que la capacidad de utilizar algunas\u00a0funcionalidades de la se vean mermada sensiblemente y no sean compatible con tus\u00a0necesidades.<\/p>\n<p>Puedes encontrar m\u00e1s informaci\u00f3n sobre cookies en: www.allaboutcookies.org o www.youronlinechoices.eu.<\/p>\n<p><strong>\u00bfTERRAVITA emplea cookies y si es as\u00ed, de qu\u00e9 tipo?<\/strong><\/p>\n<p>TERRAVITA utiliza en la Web cookies de terceros anal\u00edticas con el fin de<br \/>\nanalizar la navegaci\u00f3n del Usuario y la actividad que este lleva a cabo en el sitio web,\u00a0con el objeto de introducir mejoras y prestar nuestros servicios de una manera m\u00e1s\u00a0eficiente y personalizada.<\/p>\n<p>En la presente Pol\u00edtica de cookies te explicamos c\u00f3mo lo hacemos. Las cookies se\u00a0pueden dividir en varias categor\u00edas:<\/p>\n<p><em>Cookies t\u00e9cnicas.\u00a0<\/em>Son aquellas cookies que son esenciales para el funcionamiento de la Web.<\/p>\n<p><em>Cookies de personalizaci\u00f3n<\/em>.\u00a0Son aquellas cookies que te permiten acceder al servicio con unas caracter\u00edsticas\u00a0predefinidas en funci\u00f3n de una serie de criterios, como por ejemplo el idioma, el tipo\u00a0de navegador a trav\u00e9s del cual se accede al servicio, la configuraci\u00f3n regional desde\u00a0donde se accede al servicio, etc.<\/p>\n<p><em>Cookies de an\u00e1lisis<\/em>.\u00a0Son aquellas cookies que bien tratadas por nosotros o por terceros, nos permiten\u00a0cuantificar el n\u00famero de usuarios y as\u00ed realizar la medici\u00f3n y an\u00e1lisis estad\u00edstico de la\u00a0utilizaci\u00f3n que hacen los usuarios del servicio ofertado. Para ello se analiza su\u00a0navegaci\u00f3n en nuestra p\u00e1gina web con el fin de mejorar la oferta de productos o\u00a0servicios que le ofrecemos.<\/p>\n<p><em>Cookies propias<\/em>.\u00a0Son aquellas cookies que se env\u00edan a tu dispositivo desde nuestros propios equipos o\u00a0desde nuestro dominio.<\/p>\n<p><em>Cookies de terceros<\/em>.\u00a0Te informamos que si interact\u00faas con el contenido de nuestra Web puede que se\u00a0establezcan cookies de terceros, que son aquellas cookies que se establecen desde\u00a0un dominio diferente al de la web\u00a0<a href=\"http:\/\/www.grupoterravita.com\/\" target=\"_blank\" rel=\"noopener noreferrer nofollow\">www.terravita.eu<\/a>\u00a0Dado que no tenemos\u00a0control sobre estas cookies de terceros, no podemos acceder a los datos\u00a0almacenados en las mismas. Por eso, para obtener m\u00e1s informaci\u00f3n deber\u00edas\u00a0comprobar la Pol\u00edtica de privacidad y cookies del tercero responsable de dichas\u00a0cookies.<\/p>\n<p><em>Cookies de sesi\u00f3n<\/em>.\u00a0Son aquellas cookies que tienen naturaleza temporal de manera que permanecen en\u00a0tu dispositivo solo el tiempo durante el cual navegas en la Web.<\/p>\n<p><em>Cookies persistentes<\/em>.\u00a0Son aquellas cookies que se almacenan en tu dispositivo durante un plazo de tiempo\u00a0determinado y que puede variar de una cookie a otra. En el caso de que el Usuario no\u00a0elimine la cookie persistente, esta \u00faltima expirar\u00e1 sola, esto es, dejar\u00e1 de funcionar, en\u00a0la fecha de caducidad que tenga predeterminada.<\/p>\n<p>A continuaci\u00f3n, se incluye un cuadro con las\u00a0<strong>cookies utilizadas por este sitio web<\/strong>\u00a0junto\u00a0con la finalidad de cada una de ellas, su duraci\u00f3n y si es propia o de un tercero\u00a0(fuente):<\/p>\n<p><strong>Nombre:<\/strong><br \/>\n<strong>_ga\u00a0\u00a0Google Analytics<\/strong>.\u00a0De an\u00e1lisis 2 a\u00f1os Se usa para diferenciar entre usuarios y sesiones.<br \/>\n<strong>_gat Google\u00a0Analytics<\/strong>. De an\u00e1lisis 24 horas Se usa para\u00a0diferenciar entre los diferentes objetos de seguimiento creados en la sesi\u00f3n.<\/p>\n<p>La finalidad de todas las cookies de Google Analytics es el an\u00e1lisis del uso de los\u00a0sitios web. Google Analytics es un servicio anal\u00edtico de web prestado por Google, Inc., compa\u00f1\u00eda de Delaware cuya ofcina principal est\u00e1 en 1600 Amphitheatre Parkway,\u00a0Mountain View (California), CA 94043, Estados Unidos. Google Analytics utiliza\u00a0\u201ccookies\u201d para ayudar al sitio web a analizar el uso que hacen los usuarios del sitio\u00a0web. La informaci\u00f3n que genera la cookie acerca de su uso del sitio web (incluyendo\u00a0su direcci\u00f3n IP) ser\u00e1 directamente transmitida y archivada por Google en los\u00a0servidores de Estados Unidos. Google usar\u00e1 esta informaci\u00f3n por cuenta nuestra con\u00a0el prop\u00f3sito de seguir la pista de su uso del sitio web, recopilando informes de la actividad del sitio web y prestando otros servicios relacionados con la actividad del\u00a0sitio web y el uso de Internet. Google podr\u00e1 transmitir dicha informaci\u00f3n a terceros cuando as\u00ed se lo requiera la legislaci\u00f3n, o cuando dichos terceros procesen la informaci\u00f3n por cuenta de Google. Google no asociar\u00e1 su direcci\u00f3n IP con ning\u00fan otro dato del que disponga Google.<\/p>\n<p>Si el usuario desea tener m\u00e1s informaci\u00f3n sobre el uso de las cookies de Google\u00a0Analytics, puedes informarse sobre las mismas en la siguiente web de Google\u00a0<a href=\"https:\/\/developers.google.com\/analytics\/devguides\/collection\/analyticsjs\/cookie-usage?hl=es\" target=\"_blank\" rel=\"noopener noreferrer nofollow\">https:\/\/developers.google.com\/analytics\/devguides\/collection\/analyticsjs\/cookie-usage?hl=es<\/a>.<\/p>\n<p><strong>\u00bfC\u00f3mo puedo activar o desactivar las cookies?\u00a0<\/strong><\/p>\n<p>Si quieres retirar en cualquier momento tu consentimiento relacionado con la Pol\u00edtica\u00a0de cookies, deber\u00e1s eliminar las cookies almacenadas en tu dispositivo a trav\u00e9s de los ajustes y configuraciones de tu navegador de Internet. Tambi\u00e9n puedes cambiar las preferencias de tu navegador para limitar el acceso de determinadas cookies a tu ordenador. Estas preferencias se suelen encontrar en el men\u00fa \u201copciones\u201d o \u201cpreferencias\u201d de tu navegador. Puedes encontrar m\u00e1s informaci\u00f3n en el men\u00fa \u201cAyuda\u201d de tu navegador:<\/p>\n<p>No obstante, si cambias tus preferencias y bloqueas las cookies, algunas\u00a0funcionalidades de nuestra web quedar\u00e1n anuladas y no podr\u00e1s sacar todo el partido a las caracter\u00edsticas de nuestra web.<\/p>\n<p><strong>8. MODIFICACIONES<\/strong><\/p>\n<p>Es posible que la presente Pol\u00edtica de privacidad y cookies var\u00ede como consecuencia\u00a0de cambios en la Web o en las cookies empleadas, novedades legislativas o jurisprudenciales o el establecimiento de nuevos criterios de la Agencia Espa\u00f1ola de Protecci\u00f3n de Datos. Por ello, TERRAVITA se reserva el derecho a modificar la presente Pol\u00edtica de privacidad y cookies y recomienda al Usuario que la lea detenidamente cada vez que acceda a la Web.<\/p>\n<p><strong>9. CONTACTO<\/strong><\/p>\n<p>Para cualquier duda, consulta o informaci\u00f3n acerca de esta Pol\u00edtica de Privacidad, sobre los servicios, a para cualquier sugerencia o reclamaci\u00f3n el Usuario puede ponerse en contacto con TERRAVITA a trav\u00e9s de los distintos medios de contacto que esta \u00faltima pone a su disposici\u00f3n. As\u00ed, el Usuario puede contactar con la Empresa enviando un email a la direcci\u00f3n de correo electr\u00f3nico info@grupoterravita.com o si lo prefiere llamando al tel\u00e9fono de contacto:<\/p>\n<p>\u2219 Oficina: (+34) 971 33 82 02<\/p>\n","protected":false},"excerpt":{"rendered":"<p>GRUPO TERRAVITA Y EL USUARIO LEGITIMACI\u00d3N PARA EL USO DE TUS DATOS FINALIDAD CON LAS QUE SE VAN A TRATAR &hellip;<\/p>\n","protected":false},"author":1,"featured_media":0,"parent":0,"menu_order":0,"comment_status":"closed","ping_status":"open","template":"","meta":{"_acf_changed":false,"footnotes":""},"class_list":["post-3","page","type-page","status-publish","hentry"],"acf":[],"_links":{"self":[{"href":"https:\/\/terravita.eu\/es\/wp-json\/wp\/v2\/pages\/3","targetHints":{"allow":["GET"]}}],"collection":[{"href":"https:\/\/terravita.eu\/es\/wp-json\/wp\/v2\/pages"}],"about":[{"href":"https:\/\/terravita.eu\/es\/wp-json\/wp\/v2\/types\/page"}],"author":[{"embeddable":true,"href":"https:\/\/terravita.eu\/es\/wp-json\/wp\/v2\/users\/1"}],"replies":[{"embeddable":true,"href":"https:\/\/terravita.eu\/es\/wp-json\/wp\/v2\/comments?post=3"}],"version-history":[{"count":4,"href":"https:\/\/terravita.eu\/es\/wp-json\/wp\/v2\/pages\/3\/revisions"}],"predecessor-version":[{"id":934,"href":"https:\/\/terravita.eu\/es\/wp-json\/wp\/v2\/pages\/3\/revisions\/934"}],"wp:attachment":[{"href":"https:\/\/terravita.eu\/es\/wp-json\/wp\/v2\/media?parent=3"}],"curies":[{"name":"wp","href":"https:\/\/api.w.org\/{rel}","templated":true}]}}